{"id":76,"date":"2020-04-09T03:52:27","date_gmt":"2020-04-09T03:52:27","guid":{"rendered":"http:\/\/confidenceingod.com\/?page_id=76"},"modified":"2025-04-02T16:39:26","modified_gmt":"2025-04-02T20:39:26","slug":"home","status":"publish","type":"page","link":"https:\/\/confidenceingod.com\/es\/","title":{"rendered":"Inicio"},"content":{"rendered":"<h2><b>Bienvenido a Confianza en Dios.<\/b><\/h2>\n\n\n\n<p><b>Como personas de fe, algunas veces nos damos cuenta que  carecemos de confianza. Aqu\u00ed usted puede encontrar recursos para construir su confianza en Dios.<\/b><\/p>\n\n\n\n<p>Por muchos a\u00f1os he caminado por fe, pero sin confianza. He tenido la fe de que Dios era todo lo que dijo que era y har\u00eda todo lo que dijo que har\u00eda. Pero yo no ten\u00eda la confianza de que Dios har\u00eda esas cosas por m\u00ed o a trav\u00e9s de m\u00ed. Sin embargo, con el transcurso de los a\u00f1os el Se\u00f1or me ha demostrado Su fidelidad, Su deseo para que cada uno de nosotros cumpla el caminar con \u00c9l, y que puedo descansar en \u00c9l porque me guardar\u00e1. Ahora la pasi\u00f3n de mi coraz\u00f3n es compartir con los dem\u00e1s lo que he aprendido y ayudarlos a caminar confiadamente en Dios.<\/p>\n\n\n\n<hr class=\"wp-block-separator has-alpha-channel-opacity\"\/>\n\n\n\n<h4 style=\"text-align:Right;\"> Ultimos Art\u00edculos<\/h4>\n\n\n\t\r\n\t\t<div class=\"pld-post-list pld-design-1 pld-clearfix\">\r\n\t\t\t\r\n\t\t\t<div class=\"pld-post-list-inr\">\t\r\n\t<div class=\"pld-post-list-content pld-clearfix no-thumb-image\">\r\n\t\t\t\t<div class=\"pld-full-columns pld-medium-12 pld-columns\">\r\n\t\t\t\t\t\t\t<div class=\"pld-post-categories\">\r\n\t\t\t\t\t<a href=\"https:\/\/confidenceingod.com\/es\/category\/uncategorized\/podcast\/\">Podcast<\/a>\t\t\t\t<\/div>\r\n\t\t\t\t\t\t<h2 class=\"pld-post-title\">\t\t\r\n\t\t\t\t<a href=\"https:\/\/confidenceingod.com\/es\/praising-god-beyond-words-and-deeds\/\">Praising God Beyond Words and Deeds<\/a>\r\n\t\t\t<\/h2>\r\n\t\t\t\t\t\t\t<div class=\"pld-post-meta\">\r\n\t\t\t\t\t\t\t\t\t\t\t<span>\r\n\t\t\t\t\t\t\tBy Julie McGhghy\t\t\t\t\t\t<\/span>\r\n\t\t\t\t\t\/&nbsp;&nbsp;abril 21, 2026\t\t\t\t<\/div>\r\n\t\t\t\t\t\r\n\t\t\t\t<div class=\"pld-post-content\">\t\t\t\t\r\n\t\t\t\t\t<div class=\"pld-post-content-inner\">\r\n\t\t\t\t\t\tHave you ever felt like your praise just doesn't measure up to the greatness God deserves? In this episode, Julie shares a perspective God dropped into her heart that reframes what it truly means to praise Him \u2014 and it goes far beyond what we do in church or during personal devotion.\t\t\t\t\t<\/div>\r\n\t\t\t\t\t<a class=\"pld-readmorebtn\" href=\"https:\/\/confidenceingod.com\/es\/praising-god-beyond-words-and-deeds\/\">Leer Mas<\/a>\t\t\t\t\t\r\n\t\t\t\t<\/div>\r\n\t\t\t\t\t\t\t\t\r\n\t\t\t\t<div class=\"pld-post-tags\">\t\t\t\r\n\t\t\t\t\tTags: <a href=\"https:\/\/confidenceingod.com\/es\/tag\/great-and-greatly-to-be-praise\/\" rel=\"tag\">Great and Greatly to be Praise<\/a>, <a href=\"https:\/\/confidenceingod.com\/es\/tag\/praise\/\" rel=\"tag\">Alabanza<\/a>\t\t\t\t<\/div>\r\n\t\t\t\t\t<\/div>\r\n\t<\/div>\r\n<\/div><div class=\"pld-post-list-inr\">\t\r\n\t<div class=\"pld-post-list-content pld-clearfix no-thumb-image\">\r\n\t\t\t\t<div class=\"pld-full-columns pld-medium-12 pld-columns\">\r\n\t\t\t\t\t\t\t<div class=\"pld-post-categories\">\r\n\t\t\t\t\t<a href=\"https:\/\/confidenceingod.com\/es\/category\/uncategorized\/podcast\/\">Podcast<\/a>\t\t\t\t<\/div>\r\n\t\t\t\t\t\t<h2 class=\"pld-post-title\">\t\t\r\n\t\t\t\t<a href=\"https:\/\/confidenceingod.com\/es\/how-faith-grows-two-simple-steps-from-gods-word\/\">How Faith Grows: Two Simple Steps from God&#8217;s Word<\/a>\r\n\t\t\t<\/h2>\r\n\t\t\t\t\t\t\t<div class=\"pld-post-meta\">\r\n\t\t\t\t\t\t\t\t\t\t\t<span>\r\n\t\t\t\t\t\t\tBy Julie McGhghy\t\t\t\t\t\t<\/span>\r\n\t\t\t\t\t\/&nbsp;&nbsp;abril 7, 2026\t\t\t\t<\/div>\r\n\t\t\t\t\t\r\n\t\t\t\t<div class=\"pld-post-content\">\t\t\t\t\r\n\t\t\t\t\t<div class=\"pld-post-content-inner\">\r\n\t\t\t\t\t\tHave you ever cried out to God, \"Lord, give me more faith\"? You're not alone \u2014 even the apostles made the same request. In this episode of the Confidence in God Podcast, host Julie McGhghy explores what the Bible tells us about how faith actually grows.\t\t\t\t\t<\/div>\r\n\t\t\t\t\t<a class=\"pld-readmorebtn\" href=\"https:\/\/confidenceingod.com\/es\/how-faith-grows-two-simple-steps-from-gods-word\/\">Leer Mas<\/a>\t\t\t\t\t\r\n\t\t\t\t<\/div>\r\n\t\t\t\t\t\t\t\t\r\n\t\t\t\t<div class=\"pld-post-tags\">\t\t\t\r\n\t\t\t\t\tTags: <a href=\"https:\/\/confidenceingod.com\/es\/tag\/bible\/\" rel=\"tag\">Biblia<\/a>, <a href=\"https:\/\/confidenceingod.com\/es\/tag\/faith\/\" rel=\"tag\">Faith<\/a>, <a href=\"https:\/\/confidenceingod.com\/es\/tag\/scriptures\/\" rel=\"tag\">Escrituras<\/a>, <a href=\"https:\/\/confidenceingod.com\/es\/tag\/strengthen-your-faith\/\" rel=\"tag\">Strengthen Your Faith<\/a>\t\t\t\t<\/div>\r\n\t\t\t\t\t<\/div>\r\n\t<\/div>\r\n<\/div><div class=\"pld-post-list-inr\">\t\r\n\t<div class=\"pld-post-list-content pld-clearfix no-thumb-image\">\r\n\t\t\t\t<div class=\"pld-full-columns pld-medium-12 pld-columns\">\r\n\t\t\t\t\t\t\t<div class=\"pld-post-categories\">\r\n\t\t\t\t\t<a href=\"https:\/\/confidenceingod.com\/es\/category\/uncategorized\/podcast\/\">Podcast<\/a>\t\t\t\t<\/div>\r\n\t\t\t\t\t\t<h2 class=\"pld-post-title\">\t\t\r\n\t\t\t\t<a href=\"https:\/\/confidenceingod.com\/es\/gods-footstool-how-creation-draws-us-closer-to-him\/\">God&#8217;s Footstool: How Creation Draws Us Closer to Him<\/a>\r\n\t\t\t<\/h2>\r\n\t\t\t\t\t\t\t<div class=\"pld-post-meta\">\r\n\t\t\t\t\t\t\t\t\t\t\t<span>\r\n\t\t\t\t\t\t\tBy Julie McGhghy\t\t\t\t\t\t<\/span>\r\n\t\t\t\t\t\/&nbsp;&nbsp;marzo 24, 2026\t\t\t\t<\/div>\r\n\t\t\t\t\t\r\n\t\t\t\t<div class=\"pld-post-content\">\t\t\t\t\r\n\t\t\t\t\t<div class=\"pld-post-content-inner\">\r\n\t\t\t\t\t\tDid you know that when you stop to appreciate the beauty around you \u2014 the budding trees, the returning birds, the sunshine after a long winter \u2014 you are literally worshiping at God's feet? Heaven is His throne. Earth is His footstool. And that changes everything. Whether you're on a morning walk, running errands, or just sitting by a window, God is right there with you \u2014 your constant companion through every season of life.\t\t\t\t\t<\/div>\r\n\t\t\t\t\t<a class=\"pld-readmorebtn\" href=\"https:\/\/confidenceingod.com\/es\/gods-footstool-how-creation-draws-us-closer-to-him\/\">Leer Mas<\/a>\t\t\t\t\t\r\n\t\t\t\t<\/div>\r\n\t\t\t\t\t\t\t\t\r\n\t\t\t\t<div class=\"pld-post-tags\">\t\t\t\r\n\t\t\t\t\tTags: <a href=\"https:\/\/confidenceingod.com\/es\/tag\/creation\/\" rel=\"tag\">Creation<\/a>, <a href=\"https:\/\/confidenceingod.com\/es\/tag\/gods-footstool\/\" rel=\"tag\">God's Footstool<\/a>\t\t\t\t<\/div>\r\n\t\t\t\t\t<\/div>\r\n\t<\/div>\r\n<\/div><div class=\"pld-post-list-inr\">\t\r\n\t<div class=\"pld-post-list-content pld-clearfix no-thumb-image\">\r\n\t\t\t\t<div class=\"pld-full-columns pld-medium-12 pld-columns\">\r\n\t\t\t\t\t\t\t<div class=\"pld-post-categories\">\r\n\t\t\t\t\t<a href=\"https:\/\/confidenceingod.com\/es\/category\/uncategorized\/podcast\/\">Podcast<\/a>\t\t\t\t<\/div>\r\n\t\t\t\t\t\t<h2 class=\"pld-post-title\">\t\t\r\n\t\t\t\t<a href=\"https:\/\/confidenceingod.com\/es\/be-still-god-will-fight-for-you\/\">Be Still: God Will Fight for You<\/a>\r\n\t\t\t<\/h2>\r\n\t\t\t\t\t\t\t<div class=\"pld-post-meta\">\r\n\t\t\t\t\t\t\t\t\t\t\t<span>\r\n\t\t\t\t\t\t\tBy Julie McGhghy\t\t\t\t\t\t<\/span>\r\n\t\t\t\t\t\/&nbsp;&nbsp;marzo 10, 2026\t\t\t\t<\/div>\r\n\t\t\t\t\t\r\n\t\t\t\t<div class=\"pld-post-content\">\t\t\t\t\r\n\t\t\t\t\t<div class=\"pld-post-content-inner\">\r\n\t\t\t\t\t\tIn times of extreme conflict and uncertainty, God calls us to be still and trust His sovereignty. In this episode, we explore what it means to obey God's command to \"be still\" and how His faithfulness fights our battles when we choose trust over fear.\t\t\t\t\t<\/div>\r\n\t\t\t\t\t<a class=\"pld-readmorebtn\" href=\"https:\/\/confidenceingod.com\/es\/be-still-god-will-fight-for-you\/\">Leer Mas<\/a>\t\t\t\t\t\r\n\t\t\t\t<\/div>\r\n\t\t\t\t\t\t\t\t\r\n\t\t\t\t<div class=\"pld-post-tags\">\t\t\t\r\n\t\t\t\t\tTags: <a href=\"https:\/\/confidenceingod.com\/es\/tag\/be-still\/\" rel=\"tag\">Be Still<\/a>, <a href=\"https:\/\/confidenceingod.com\/es\/tag\/confidence\/\" rel=\"tag\">Confianza<\/a>\t\t\t\t<\/div>\r\n\t\t\t\t\t<\/div>\r\n\t<\/div>\r\n<\/div><div class=\"pld-post-list-inr\">\t\r\n\t<div class=\"pld-post-list-content pld-clearfix no-thumb-image\">\r\n\t\t\t\t<div class=\"pld-full-columns pld-medium-12 pld-columns\">\r\n\t\t\t\t\t\t\t<div class=\"pld-post-categories\">\r\n\t\t\t\t\t<a href=\"https:\/\/confidenceingod.com\/es\/category\/uncategorized\/podcast\/\">Podcast<\/a>\t\t\t\t<\/div>\r\n\t\t\t\t\t\t<h2 class=\"pld-post-title\">\t\t\r\n\t\t\t\t<a href=\"https:\/\/confidenceingod.com\/es\/prayers-answered-through-my-mothers-dementia\/\">Prayers Answered Through My Mother&#8217;s Dementia<\/a>\r\n\t\t\t<\/h2>\r\n\t\t\t\t\t\t\t<div class=\"pld-post-meta\">\r\n\t\t\t\t\t\t\t\t\t\t\t<span>\r\n\t\t\t\t\t\t\tBy Julie McGhghy\t\t\t\t\t\t<\/span>\r\n\t\t\t\t\t\/&nbsp;&nbsp;febrero 24, 2026\t\t\t\t<\/div>\r\n\t\t\t\t\t\r\n\t\t\t\t<div class=\"pld-post-content\">\t\t\t\t\r\n\t\t\t\t\t<div class=\"pld-post-content-inner\">\r\n\t\t\t\t\t\tHave you ever prayed persistently for years, only to miss God's answer when it finally comes? In this episode, Julie shares a powerful revelation God gave her after her mother's passing\u2014that He had faithfully answered prayers she'd been praying for years, but she hadn't recognized it.\t\t\t\t\t<\/div>\r\n\t\t\t\t\t<a class=\"pld-readmorebtn\" href=\"https:\/\/confidenceingod.com\/es\/prayers-answered-through-my-mothers-dementia\/\">Leer Mas<\/a>\t\t\t\t\t\r\n\t\t\t\t<\/div>\r\n\t\t\t\t\t\t\t\t\r\n\t\t\t\t<div class=\"pld-post-tags\">\t\t\t\r\n\t\t\t\t\tTags: <a href=\"https:\/\/confidenceingod.com\/es\/tag\/answered-prayers\/\" rel=\"tag\">Oraciones Respondidas<\/a>, <a href=\"https:\/\/confidenceingod.com\/es\/tag\/dementia\/\" rel=\"tag\">dementia<\/a>, <a href=\"https:\/\/confidenceingod.com\/es\/tag\/prayer\/\" rel=\"tag\">Oraci\u00f3n<\/a>\t\t\t\t<\/div>\r\n\t\t\t\t\t<\/div>\r\n\t<\/div>\r\n<\/div>\r\n\t\t\t<\/div>\r\n\t\n\n\n\n<!DOCTYPE html>\n<html lang=\"en\">\n<head>\n  <meta charset=\"UTF-8\">\n  <title>Read More Button<\/title>\n  <style>\n    .read-more-button {\n      background: linear-gradient(45deg, #00b4cc, #465a9a);\n      background-size: 200% 200%;\n      color: white;\n      border: none;\n      padding: 12px 24px;\n      font-size: 16px;\n      border-radius: 8px;\n      cursor: pointer;\n      transition: background-position 0.5s ease;\n    }\n\n    .read-more-button:hover {\n      background-position: right center;\n    }\n  <\/style>\n<\/head>\n<body>\n  <button class=\"read-more-button\" onclick=\"window.location.href='https:\/\/confidenceingod.com\/posts\/'\">\n    Leer M\u00e1s Art\u00edculos\n  <\/button>\n<\/body>\n<\/html>","protected":false},"excerpt":{"rendered":"<p>Welcome to Confidence in God. As people of faith we sometimes find we lack confidence. This is where you can come to find resources for building your confidence in God. For many years I walked with faith, but not confidence. I had faith that God was all He said He was and would do all He said He would do. But I wasn\u2019t confident He would do those things for or through me. Yet through the years God has shown me His faithfulness, His desire for each of us to complete our walk with Him, and that I can relax in Him because He will keep me with Him. Now my heart\u2019s passion is to share with others what I have learned and help them to walk with confidence in God. Latest Posts Read More Button Read More Posts<\/p>","protected":false},"author":2,"featured_media":0,"parent":0,"menu_order":0,"comment_status":"closed","ping_status":"closed","template":"","meta":{"nf_dc_page":"","footnotes":""},"class_list":["post-76","page","type-page","status-publish","hentry"],"acf":[],"_links":{"self":[{"href":"https:\/\/confidenceingod.com\/es\/wp-json\/wp\/v2\/pages\/76","targetHints":{"allow":["GET"]}}],"collection":[{"href":"https:\/\/confidenceingod.com\/es\/wp-json\/wp\/v2\/pages"}],"about":[{"href":"https:\/\/confidenceingod.com\/es\/wp-json\/wp\/v2\/types\/page"}],"author":[{"embeddable":true,"href":"https:\/\/confidenceingod.com\/es\/wp-json\/wp\/v2\/users\/2"}],"replies":[{"embeddable":true,"href":"https:\/\/confidenceingod.com\/es\/wp-json\/wp\/v2\/comments?post=76"}],"version-history":[{"count":4,"href":"https:\/\/confidenceingod.com\/es\/wp-json\/wp\/v2\/pages\/76\/revisions"}],"predecessor-version":[{"id":1610,"href":"https:\/\/confidenceingod.com\/es\/wp-json\/wp\/v2\/pages\/76\/revisions\/1610"}],"wp:attachment":[{"href":"https:\/\/confidenceingod.com\/es\/wp-json\/wp\/v2\/media?parent=76"}],"curies":[{"name":"wp","href":"https:\/\/api.w.org\/{rel}","templated":true}]}}