{"id":3,"date":"2020-03-16T14:32:25","date_gmt":"2020-03-16T14:32:25","guid":{"rendered":"http:\/?page_id=3"},"modified":"2020-05-13T18:40:25","modified_gmt":"2020-05-13T18:40:25","slug":"privacy-policy","status":"publish","type":"page","link":"https:\/\/confidenceingod.com\/es\/privacy-policy\/","title":{"rendered":"Pol\u00edtica de Privacidad"},"content":{"rendered":"<h2 class=\"wp-block-heading\">\u00bfQui\u00e9nes somos?<\/h2>\n\n\n\n<p>La direcci\u00f3n de nuestro sitio web es: <a href=\"https:\/\/confidenceingod.com\/\">www.confidenceingod.com<\/a>.<\/p>\n\n\n\n<h2 class=\"wp-block-heading\">\u00bfQu\u00e9 datos personales recopilamos y por qu\u00e9 lo hacemos?<\/h2>\n\n\n\n<h3 class=\"wp-block-heading\">Comentarios<\/h3>\n\n\n\n<p>Cuando los visitantes dejan comentarios en el sitio, nosotros recopilamos los datos que aparecen en el formulario de comentarios, as\u00ed como la direcci\u00f3n IP y la cadena del agente de usuario del navegador para ayudar a detectar el spam.<\/p>\n\n\n\n<p>Se puede proporcionar al servicio de Gravatar un cadena an\u00f3nima creada desde su direcci\u00f3n de correo electr\u00f3nico (tambi\u00e9n conocida como hash) para ver si lo est\u00e1 usando. La pol\u00edtica de privacidad del servicio Gravatar se encuentra disponible aqu\u00ed: <a href=\"https:\/\/automattic.com\/privacy\/\">https:\/\/automattic.com\/privacy\/<\/a>. Despu\u00e9s de que su comentario ha sido aprobado, su foto de perfil es visible al p\u00fablico presente en el contexto de su comentario.<\/p>\n\n\n\n<h3 class=\"wp-block-heading\">Medios de Comunicaci\u00f3n<\/h3>\n\n\n\n<p>Si carga im\u00e1genes al sitio web, debe evitar subir im\u00e1genes con datos de ubicaci\u00f3n incrustados (EXIF GPS). Los visitantes del sitio web pueden descargar y extraer cualquier dato de ubicaci\u00f3n a trav\u00e9s de las im\u00e1genes que se encuentran en el sitio web.<\/p>\n\n\n\n<h3 class=\"wp-block-heading\">Formularios de Contacto<\/h3>\n\n\n\n<p>Para poder ayudarle y enviar la informaci\u00f3n solicitada, usamos MailChimp para recolectar y guardar su direcci\u00f3n de correo electr\u00f3nico. Usted puede optar a no proporcionar los datos de la siguiente manera:<\/p>\n\n\n\n<ol class=\"wp-block-list\"><li>Cancelar la suscripci\u00f3n (eliminaremos los datos)<\/li><li>Contact\u00e1ndolos siguiendo las instrucciones que se encuentran en la siguiente p\u00e1gina de privacidad, la cual est\u00e1 disponible aqu\u00ed: <a href=\"https:\/\/mailchimp.com\/legal\/cookies\/\">https:\/\/mailchimp.com\/legal\/cookies\/<\/a>.<\/li><\/ol>\n\n\n\n<h3 class=\"wp-block-heading\">Cookies<\/h3>\n\n\n\n<p>Si deja un comentario en nuestro sitio web, puede optar por guardar su nombre, direcci\u00f3n de correo electr\u00f3nico y sitio en las cookies. Esto es para su conveniencia, pues no tendr\u00e1 que volver a ingresar sus datos cuando deje otro comentario. Estas cookies durar\u00e1n un a\u00f1o.<\/p>\n\n\n\n<p>Si tiene una cuenta e inicia sesi\u00f3n en este sitio, configuraremos una cookie temporal para determinar si su buscador acepta cookies. Esta cookie no contiene datos personales y se descarta cuando cierra el navegador.<\/p>\n\n\n\n<p>Cuando inicia sesi\u00f3n, tambi\u00e9n configuraremos varias cookies para guardar su informaci\u00f3n de inicio de sesi\u00f3n y sus opciones de visualizaci\u00f3n de pantalla. Las cookies de inicio de sesi\u00f3n duran dos d\u00edas, y las cookies de opciones de pantalla duran un a\u00f1o. Si usted selecciona \u201cRecordarme\u201d, su inicio de sesi\u00f3n se mantendr\u00e1 activo por dos semanas. Si usted cierra la sesi\u00f3n de su cuenta, las cookies de inicio de sesi\u00f3n ser\u00e1n eliminadas.<\/p>\n\n\n\n<p>Si usted edita o publica un art\u00edculo, se guardar\u00e1 una cookie adicional en su navegador. Esta cookie no incluye datos personales y sencillamente indica la identificaci\u00f3n de la publicaci\u00f3n del art\u00edculo que acaba de editar. \u00c9sta caduca despu\u00e9s de 1 d\u00eda.<\/p>\n\n\n\n<h3 class=\"wp-block-heading\">Contenido incrustado de otros sitios web<\/h3>\n\n\n\n<p>Los art\u00edculos de este sitio pueden incluir contenido incrustado (e.g. v\u00eddeos, im\u00e1genes, art\u00edculos, etc.). El contenido incrustado de otros sitios web se comporta de la misma manera que si el visitante hubiera visitado el otro sitio web.<\/p>\n\n\n\n<p>Estos sitios web pueden recopilar datos personales, usar cookies, incrustar un seguimiento adicional de terceros, y monitorear su interacci\u00f3n con dicho contenido incrustado, incluyendo el rastreo de su interacci\u00f3n con el contenido incrustado si usted tiene un cuenta y ha iniciado sesi\u00f3n en ese sitio web.<\/p>\n\n\n\n<h3 class=\"wp-block-heading\">An\u00e1lisis<\/h3>\n\n\n\n<p>Usamos Google Analytics para registrar informaci\u00f3n sobre las p\u00e1ginas que un usuario ha visto, por ejemplo la URL de la p\u00e1gina, la hora del d\u00eda, el dispositivo utilizado, etc. La informaci\u00f3n que recopilamos es an\u00f3nima y se env\u00eda a Google Analytics para su an\u00e1lisis.<\/p>\n\n\n\n<p>Principalmente, Google Analytics usa cookies de origen para reportar las interacciones del visitante en este sitio web. Los usuarios pueden inhabilitar o eliminar cualquier cookie individual.&nbsp;<a href=\"https:\/\/policies.google.com\/technologies\/cookies\">leer m\u00e1s<\/a>.<\/p>\n\n\n\n<p>Adem\u00e1s, Google Analytics soporta un buscador opcional&nbsp;<a href=\"https:\/\/tools.google.com\/dlpage\/gaoptout\/\">add-on<\/a>&nbsp;el cual una vez se instala y habilita, inhabilita las medidas de Google Analytics para cualquier sitio que un usuario visite. Note que este complemento solamente inhabilita las medidas de Google Analytics.<\/p>\n\n\n\n<p>Google Analytics tambi\u00e9n recolecta las direcciones de Protocolo de Internet [IP, por sus siglas en ingl\u00e9s] para proporcionar y proteger la seguridad del servicio, y para ayudar a los due\u00f1os de los sitios web a conocer de qu\u00e9 pa\u00eds, estado, o ciudad en el mundo vienen sus usuarios (tambi\u00e9n conocido como \u201cgeolocalizaci\u00f3n de IP\u201d).<\/p>\n\n\n\n<p>Vea&nbsp;<a href=\"https:\/\/support.google.com\/analytics\/answer\/6004245\">esta p\u00e1gina sobre la seguridad y el uso de datos de Google Analytics<\/a><em>.<\/em><\/p>\n\n\n\n<h2 class=\"wp-block-heading\">\u00bfCon qui\u00e9n compartimos sus datos?<\/h2>\n\n\n\n<p>Los datos recopilados se pueden compartir con:<\/p>\n\n\n\n<ul class=\"wp-block-list\"><li>Proveedores de servicio y otros que ayudan con nuestras operaciones de negocio y nos ayudan con la entrega de nuestro contenido, productos y servicios, incluyendo, pero no limit\u00e1ndose al, desarrollo de aplicaciones, alojamiento de sitios web, mantenimiento, an\u00e1lisis de datos, provisi\u00f3n de infraestructura, servicios inform\u00e1ticos, servicio al cliente, servicios de entrega de correo electr\u00f3nico, procesamiento del pago, an\u00e1lisis de mercadeo, y cumplimiento de nuestros acuerdos;<\/li><li>Otros usuarios del sitio para identificarlo con cualquiera a quien le mande mensajes o haga comentarios en nuestro sitio;<\/li><li>Personas o entidades con quienes consienta a que compartan sus datos personales;<\/li><li>Terceras partes para prevenir el da\u00f1o de nuestra propiedad (tangible e intangible), por razones de seguridad o para cobrar las cantidades que nos deben;<\/li><li>Comerciantes y procesadores de pago; y<\/li><li>Terceras partes que consideremos necesarias o apropiadas, de cualquier manera permitida por la ley, incluyendo leyes fuera de su estado y pa\u00eds de residencia para: cumplir con procesos legales; responder solicitudes de las autoridades p\u00fablicas y gubernamentales, incluyendo a las autoridades p\u00fablicas y gubernamentales fuera de su estado y pa\u00eds de residencia; hacer que se cumplan nuestros acuerdos; proteger nuestras operaciones; proteger nuestros derechos, privacidad, seguridad y propiedad, y\/o la de nuestros afiliados, la suya, o la de otros; y permitirnos buscar los remedios disponibles o limitar los da\u00f1os que podamos sufrir.&nbsp; <em>&nbsp;<\/em><\/li><\/ul>\n\n\n\n<p>Nunca vamos a vender, rentar, o arrendar sus datos personales a una tercera parte.<\/p>\n\n\n\n<h2 class=\"wp-block-heading\">\u00bfCu\u00e1nto tiempo guardamos sus datos?<\/h2>\n\n\n\n<p>Si deja un comentario, el comentario y sus metadatos se conservan de manera indefinida. Esto es para que podamos reconocer y aprobar cualquier comentario de seguimiento de forma autom\u00e1tica en vez de mantenerlos en una cola de moderaci\u00f3n.<\/p>\n\n\n\n<p>Para los usuarios que se registran en nuestro sitio web (si corresponde), tambi\u00e9n guardamos la informaci\u00f3n personal que proporcionan en su perfil de usuario. Todos los usuarios pueden ver, editar, o eliminar su informaci\u00f3n personal en cualquier momento (con la excepci\u00f3n que no pueden cambiar su nombre de usuario.) Los administradores del sitio web tambi\u00e9n pueden ver y editar dicha informaci\u00f3n.<\/p>\n\n\n\n<p>Los datos de Google Analytics se almacenan por 18 meses.<\/p>\n\n\n\n<p>Los formularios de contacto se retienen por un a\u00f1o.<\/p>\n\n\n\n<p>Nosotros conservaremos sus Datos Personales por el periodo necesario para cumplir los prop\u00f3sitos indicados en esta Pol\u00edtica de Privacidad, a menos que se requiera o la ley permita un periodo de almacenamiento m\u00e1s largo.<\/p>\n\n\n\n<h2 class=\"wp-block-heading\">\u00bfQu\u00e9 derechos tiene sobre sus datos?<\/h2>\n\n\n\n<p>Si usted tiene una cuenta en este sitio, o ha dejado comentarios, puede solicitar recibir un archivo exportado de los datos personales que guardamos de usted, incluyendo cualquier dato que nos haya proporcionado. Asimismo, puede solicitar la eliminaci\u00f3n de cualquier dato personal que almacenemos de usted. Esto no incluye alg\u00fan dato que estamos obligados a mantener para fines administrativos, legales o de seguridad.<\/p>\n\n\n\n<h2 class=\"wp-block-heading\">\u00bfA d\u00f3nde enviamos sus datos?<\/h2>\n\n\n\n<p>Los comentarios de los visitantes se pueden revisar por medio de un servicio autom\u00e1tico de detecci\u00f3n de spam. Las terceras partes tienen acceso a sus datos como se se\u00f1al\u00f3 en esta Pol\u00edtica de Privacidad.<\/p>\n\n\n\n<h2 class=\"wp-block-heading\">Usuarios menores de 13 a\u00f1os de edad<\/h2>\n\n\n\n<p>Nuestro contenido, productos y servicios no est\u00e1n dirigidos a ni\u00f1os menores de 13 a\u00f1os y no recopilamos intencionalmente  sus datos. Si nos damos cuenta de que un ni\u00f1o menor de 13 a\u00f1os nos ha proporcionado datos personales, tomaremos medidas para eliminar dichos datos. Si usted se da cuenta de que un ni\u00f1o nos ha proporcionado datos personales sin su consentimiento, por favor cont\u00e1ctenos a Julie@confidenceingod.com.\nAl hacer uso de este sitio, usted nos est\u00e1 indicando que no es menor de 13 a\u00f1os de edad.<\/p>\n\n\n\n<h3 class=\"wp-block-heading\">\u00bfC\u00f3mo protegemos sus datos?<\/h3>\n\n\n\n<p>Nosotros usamos garant\u00edas f\u00edsicas, electr\u00f3nicas y administrativas razonables y adecuadas para proteger los datos personales de p\u00e9rdida, uso indebido y acceso no autorizado, divulgaci\u00f3n, alteraci\u00f3n y destrucci\u00f3n, tomando en consideraci\u00f3n la naturaleza de los datos personales y los riesgos implicados en el procesamiento de esa informaci\u00f3n.<\/p>\n\n\n\n<h3 class=\"wp-block-heading\">Informaci\u00f3n de contacto<\/h3>\n\n\n\n<p>Julie@confidenceingod.com<\/p>\n\n\n\n<p><\/p>","protected":false},"excerpt":{"rendered":"<p>Who we are Our website address is: www.confidenceingod.com. What personal data we collect and why we collect it Comments When visitors leave comments on the site we collect the data shown in the comments form, and also the visitor\u2019s IP address and browser user agent string to help spam detection. An anonymized string created from your email address (also called a hash) may be provided to the Gravatar service to see if you are using it. The Gravatar service privacy policy is available here: https:\/\/automattic.com\/privacy\/. After approval of your comment, your profile picture is visible to the public in the context of your comment. Media If you upload images to the website, you should avoid uploading images with embedded location data (EXIF GPS) included. Visitors to the website can download and extract any location data from images on the website. Contact forms To assist with sending you requested information, we use Mailchimp to collect and store your email address. You may opt out of the collection of your data by: unsubscribing (we will remove your data) and contacting them using the instructions on their privacy page here: https:\/\/mailchimp.com\/legal\/cookies\/. Cookies If you leave a comment on our site you may opt-in to saving your name, email address and website in cookies. These are for your convenience so that you do not have to fill in your details again when you leave another comment. These cookies will last for one year. If you have an account and you log in to this site, we will set a temporary cookie to determine if your browser accepts cookies. This cookie contains no personal data and is discarded when you close your browser. When you log in, we will also set up several cookies to save your login information and your screen display choices. Login cookies last for two days, and screen options cookies last for a year. If you select &#8220;Remember Me&#8221;, your login will persist for two weeks. If you log out of your account, the login cookies will be removed. If you edit or publish an article, an additional cookie will be saved in your browser. This cookie includes no personal data and simply indicates the post ID of the article you just edited. It expires after 1 day. Embedded content from other websites Articles on this site may include embedded content (e.g. videos, images, articles, etc.). Embedded content from other websites behaves in the exact same way as if the visitor has visited the other website. These websites may collect data about you, use cookies, embed additional third-party tracking, and monitor your interaction with that embedded content, including tracking your interaction with the embedded content if you have an account and are logged in to that website. Analytics We use&nbsp;Google Analytics&nbsp;to record information about the pages a user has seen, for example the URL of the&nbsp;page, time of day, device used, etc. The information that we collect is anonymized and sent to Google Analytics for analysis. Google Analytics mainly uses first-party cookies to report on visitor interactions on this website.&nbsp;Users&nbsp;may disable cookies or delete any individual cookie.&nbsp;Learn more. In addition, Google Analytics supports an optional browser&nbsp;add-on&nbsp;that \u2013 once installed and enabled \u2013 disables measurement by Google Analytics for any site a user visits. Note that this add-on only disables Google Analytics measurement. Google Analytics also collects Internet Protocol (IP) addresses to provide and protect the security of the service, and to give website owners a sense of which country, state, or city in the world their users come from (also known as \u201cIP geolocation\u201d). See&nbsp;this page for Google Analytics security and usage of data. Who we share your data with The data collected may be shared with: Service providers&nbsp;and others who help with our business operations and assist in the delivery of our content, products and services including, but not limited to, application development, site hosting, maintenance, data analysis, infrastructure provision, IT services, customer service, email delivery services, payment processing, marketing, analytics, and enforcement of our agreements; Other users&nbsp;of the site to identify you to anyone to whom you send messages or make comments through our site; Persons or entities&nbsp;with whom you consent&nbsp;to have your personal data shared; Third parties in order to prevent damage to our property (tangible and intangible), for safety reasons, or to collect amounts owed to us; Merchants&nbsp;and payment processors; and Third parties as we believe necessary or appropriate, in any manner permitted under applicable law, including laws outside your state and country of residence to:&nbsp;comply with legal process; respond to requests from public and government authorities, including public and government authorities outside your state and country of residence; enforce our agreements; protect our operations; protect our rights, privacy, safety or property, and\/or that of our affiliates, you, or others; and allow us to pursue available remedies or limit the damages that we may sustain.&nbsp; &nbsp; We will never sell, rent, or lease your personal data to a third party. How long we retain your data If you leave a comment, the comment and its metadata are retained indefinitely. This is so we can recognize and approve any follow-up comments automatically instead of holding them in a moderation queue. For users that register on our website (if any), we also store the personal information they provide in their user profile. All users can see, edit, or delete their personal information at any time (except they cannot change their username). Website administrators can also see and edit that information. Google Analytics data is retained for&nbsp; 18 months. Contact forms are held for one year. We will retain your personal data for the period necessary to fulfill the purposes outlined in this Privacy Policy unless a longer retention period is required or allowed by law. What rights you have over your data If you have an account on this site, or have left comments, you can request to receive an exported file of the personal data we hold about you, including any data you have provided to us. You can also request that we erase any personal data we hold about you. This does not include any data we are obliged to keep for administrative, legal, or security purposes. Where we send your data Visitor comments may be checked through an automated spam detection service. Third parties have access to your data as noted within this Privacy Policy. Users under 13 years of age Our content, products and services are not directed to and we do not knowingly collect personal data from children under the age of 13. If we become aware that a child under the age of 13 has provided us with personal data, we will take steps to remove such data. If you become aware that your child has provided us with personal data without your consent, please contact us at Julie@confidenceingod.com. By using the site, you are representing to us that you are not under the age of 13. How we protect your data We use reasonable and appropriate physical, electronic, and administrative safeguards to protect personal data from loss, misuse and unauthorized access, disclosure, alteration and destruction, taking into account the nature of the personal data and risks involved in processing that information. Contact information Julie@confidenceingod.com<\/p>","protected":false},"author":2,"featured_media":0,"parent":0,"menu_order":0,"comment_status":"closed","ping_status":"open","template":"","meta":{"nf_dc_page":"","footnotes":""},"class_list":["post-3","page","type-page","status-publish","hentry"],"acf":[],"_links":{"self":[{"href":"https:\/\/confidenceingod.com\/es\/wp-json\/wp\/v2\/pages\/3","targetHints":{"allow":["GET"]}}],"collection":[{"href":"https:\/\/confidenceingod.com\/es\/wp-json\/wp\/v2\/pages"}],"about":[{"href":"https:\/\/confidenceingod.com\/es\/wp-json\/wp\/v2\/types\/page"}],"author":[{"embeddable":true,"href":"https:\/\/confidenceingod.com\/es\/wp-json\/wp\/v2\/users\/2"}],"replies":[{"embeddable":true,"href":"https:\/\/confidenceingod.com\/es\/wp-json\/wp\/v2\/comments?post=3"}],"version-history":[{"count":4,"href":"https:\/\/confidenceingod.com\/es\/wp-json\/wp\/v2\/pages\/3\/revisions"}],"predecessor-version":[{"id":341,"href":"https:\/\/confidenceingod.com\/es\/wp-json\/wp\/v2\/pages\/3\/revisions\/341"}],"wp:attachment":[{"href":"https:\/\/confidenceingod.com\/es\/wp-json\/wp\/v2\/media?parent=3"}],"curies":[{"name":"wp","href":"https:\/\/api.w.org\/{rel}","templated":true}]}}