{"id":1671,"date":"2025-04-04T19:55:03","date_gmt":"2025-04-04T23:55:03","guid":{"rendered":"https:\/\/confidenceingod.com\/?page_id=1671"},"modified":"2025-04-07T14:28:08","modified_gmt":"2025-04-07T18:28:08","slug":"resources","status":"publish","type":"page","link":"https:\/\/confidenceingod.com\/es\/resources\/","title":{"rendered":"Recursos"},"content":{"rendered":"<p class=\"\">Explora nuestras descargas gratuitas y deja que cada una te inspire a orar con audacia y a vivir con la certeza de que Dios siempre est\u00e1 contigo. Tu camino hacia una vida m\u00e1s plena y de oraci\u00f3n comienza aqu\u00ed.<\/p>\n\n\n\n<!-- Resource Downloads Section -->\n<div class=\"resources-container\">\n  <h2>Recursos Gratuitos de Confianza en Dios<\/h2>\n  <div class=\"resource-list\">\n    <div class=\"resource-item\">\n      <img decoding=\"async\" loading=\"lazy\" src=\"https:\/\/confidenceingod.com\/wp-content\/uploads\/2025\/04\/Confianza-en-Oracion-3-1-2022_pages-to-jpg-0001-scaled.jpg\" alt=\"Confidence in Prayer\" class=\"resource-thumb\">\n      <strong>Confianza en la Oraci\u00f3n<\/strong>\n      <div class=\"language-list\">\n         <a href=\"https:\/\/confidenceingod.com\/wp-content\/uploads\/2025\/04\/Confianza-en-Oracion-3-1-2022_pages-to-jpg-0001-scaled.jpg\" target=\"_blank\" class=\"downloadLink\" data-file=\"https:\/\/confidenceingod.com\/wp-content\/uploads\/2021\/04\/Confidence-in-Prayer.pdf\">Versi\u00f3n en Ingl\u00e9s<\/a>\n         <a href=\"https:\/\/confidenceingod.com\/wp-content\/uploads\/2025\/04\/Confianza-en-Oracion-3-1-2022.pdf\" target=\"_blank\" class=\"downloadLink\" data-file=\"https:\/\/confidenceingod.com\/wp-content\/uploads\/2025\/04\/Confianza-en-Oracion-3-1-2022.pdf\">Versi\u00f3n en Espa\u00f1ol<\/a>\n      <\/div>\n    <\/div>\n    <div class=\"resource-item\">\n      <img decoding=\"async\" loading=\"lazy\" src=\"https:\/\/confidenceingod.com\/wp-content\/uploads\/2020\/07\/5-Steps-to-Experience-More-Confidence-in-God-Spanish-2-pdf.jpg\" alt=\"5 Steps to Experience More Confidence in God\" class=\"resource-thumb\">\n      <strong>5 Pasos para Experimentar M\u00e1s Confianza en Dios<\/strong>\n      <div class=\"language-list\">\n         <a href=\"https:\/\/confidenceingod.com\/wp-content\/uploads\/2020\/07\/5-Steps-to-Experience-More-Confidence-in-God-Spanish-2-pdf.jpg\" target=\"_blank\" class=\"downloadLink\" data-file=\"https:\/\/confidenceingod.com\/wp-content\/uploads\/2020\/07\/5-Steps-to-Experience-More-Confidence-in-God-English-2.pdf\">Versi\u00f3n en Ingl\u00e9s<\/a>\n         <a href=\"https:\/\/confidenceingod.com\/wp-content\/uploads\/2020\/07\/5-Steps-to-Experience-More-Confidence-in-God-Spanish.pdf\" target=\"_blank\" class=\"downloadLink\" data-file=\"https:\/\/confidenceingod.com\/wp-content\/uploads\/2020\/07\/5-Steps-to-Experience-More-Confidence-in-God-Spanish.pdf\">Versi\u00f3n en Espa\u00f1ol<\/a>\n      <\/div>\n    <\/div>\n  <\/div>\n<\/div>\n\n<!-- Modal Popup for Subscription -->\n<div id=\"popupModal\" class=\"modal\">\n  <div class=\"modal-content\">\n    <span class=\"close\">&times;<\/span>\n    <h2>Suscr\u00edbete y Recibe Tu Recurso Gratuito<\/h2>\n    <p>\u00a1Ingresa la siguiente information para obtener acceso inmediato, por favor!<\/p>\n    <form id=\"subscriptionForm\" action=\"\">\n      <input type=\"email\" name=\"EMAIL\" placeholder=\"Correo Electr\u00f3nico\" required>\n      <input type=\"text\" name=\"FNAME\" placeholder=\"Nombre\" required>\n      <input type=\"text\" name=\"LNAME\" placeholder=\"Apellidos\" required>\n      <select name=\"LANGUAGE\" required>\n        <option value=\"\">Preferencia de Idioma<\/option>\n        <option value=\"English\">Ingl\u00e9s<\/option>\n        <option value=\"Spanish\">Espa\u00f1ol<\/option>\n      <\/select>\n      <button type=\"submit\">Suscribirse y Descargar<\/button>\n    <input type=\"hidden\" name=\"trp-form-language\" value=\"es\"\/><\/form>\n  <\/div>\n<\/div>","protected":false},"excerpt":{"rendered":"<p>Explore our free downloads, and let each one inspire you to pray boldly and live with the assurance that God is always with you. Your path to a more confident, prayerful life starts here. Free Resources from Confidence in God Confidence in Prayer English Version Spanish Version 5 Steps to Experience More Confidence in God English Version Spanish Version &times; Subscribe for Your Free Resource Please enter your details to get immediate access. Language Preference*EnglishSpanish Subscribe &amp; Download<\/p>","protected":false},"author":2,"featured_media":0,"parent":0,"menu_order":0,"comment_status":"closed","ping_status":"closed","template":"","meta":{"nf_dc_page":"","footnotes":""},"class_list":["post-1671","page","type-page","status-publish","hentry"],"acf":[],"_links":{"self":[{"href":"https:\/\/confidenceingod.com\/es\/wp-json\/wp\/v2\/pages\/1671","targetHints":{"allow":["GET"]}}],"collection":[{"href":"https:\/\/confidenceingod.com\/es\/wp-json\/wp\/v2\/pages"}],"about":[{"href":"https:\/\/confidenceingod.com\/es\/wp-json\/wp\/v2\/types\/page"}],"author":[{"embeddable":true,"href":"https:\/\/confidenceingod.com\/es\/wp-json\/wp\/v2\/users\/2"}],"replies":[{"embeddable":true,"href":"https:\/\/confidenceingod.com\/es\/wp-json\/wp\/v2\/comments?post=1671"}],"version-history":[{"count":5,"href":"https:\/\/confidenceingod.com\/es\/wp-json\/wp\/v2\/pages\/1671\/revisions"}],"predecessor-version":[{"id":1705,"href":"https:\/\/confidenceingod.com\/es\/wp-json\/wp\/v2\/pages\/1671\/revisions\/1705"}],"wp:attachment":[{"href":"https:\/\/confidenceingod.com\/es\/wp-json\/wp\/v2\/media?parent=1671"}],"curies":[{"name":"wp","href":"https:\/\/api.w.org\/{rel}","templated":true}]}}