{"id":14,"date":"2020-03-29T16:22:51","date_gmt":"2020-03-29T16:22:51","guid":{"rendered":"http:\/\/confidenceingod.com\/?page_id=14"},"modified":"2020-05-13T20:33:03","modified_gmt":"2020-05-13T20:33:03","slug":"aboutus","status":"publish","type":"page","link":"https:\/\/confidenceingod.com\/es\/aboutus\/","title":{"rendered":"Acerca de Mi Camino"},"content":{"rendered":"<div class=\"wp-block-image\"><figure class=\"alignleft is-resized\"><img decoding=\"async\" loading=\"lazy\" src=\"https:\/\/confidenceingod.com\/wp-content\/uploads\/2020\/04\/About-Page-2-720x900.jpg\" alt=\"\" width=\"166\" height=\"209\"\/><\/figure><\/div>\n\n\n\n<p>Bienvenido al sitio web <strong>Confianza en Dios<\/strong> Estoy muy contenta por su visita y de que le interese aprender m\u00e1s.<\/p>\n\n\n\n<p>\u00a1Mi nombre es Julie McGhghy y he andado por un largo y sinuoso camino para llegar a este momento y lugar, donde puedo invitarlo a mi mundo, sentarme c\u00f3modamente y compartir de la vida y la fe con usted!<\/p>\n\n\n\n<p><strong>Aqu\u00ed y Ahora<\/strong><\/p>\n\n\n\n<p>Actualmente, trabajo junto a mi esposo, Mike, asistiendo a los misioneros de nuestra organizaci\u00f3n en Costa Rica. Me encanta este lugar. El pa\u00eds y sus personas son hermosas. He sido bendecida con muchos nuevos amigos y oportunidades para compartir la Palabra de Dios y Su amor. He esperado muchos a\u00f1os para poder dedicarme al ministerio a tiempo completo y estoy muy agradecida por esta oportunidad. Ense\u00f1o, predico, escribo, cocino, limpio, cuido beb\u00e9s y hago cualquier cosa que los misioneros, los pastores, las iglesias y las personas de Costa Rica necesiten. \u00a1Y me encanta!<\/p>\n\n\n\n<p><strong>Trasfondo<\/strong><\/p>\n\n\n\n<div class=\"wp-block-image\"><figure class=\"alignleft size-large is-resized\"><img decoding=\"async\" loading=\"lazy\" src=\"https:\/\/confidenceingod.com\/wp-content\/uploads\/2020\/04\/s41280cb122572_4-768x1024.jpg\" alt=\"\" class=\"wp-image-175\" width=\"144\" height=\"191\" srcset=\"https:\/\/confidenceingod.com\/wp-content\/uploads\/2020\/04\/s41280cb122572_4-768x1024.jpg 768w, https:\/\/confidenceingod.com\/wp-content\/uploads\/2020\/04\/s41280cb122572_4-225x300.jpg 225w, https:\/\/confidenceingod.com\/wp-content\/uploads\/2020\/04\/s41280cb122572_4-1152x1536.jpg 1152w, https:\/\/confidenceingod.com\/wp-content\/uploads\/2020\/04\/s41280cb122572_4-1536x2048.jpg 1536w, https:\/\/confidenceingod.com\/wp-content\/uploads\/2020\/04\/s41280cb122572_4-600x800.jpg 600w, https:\/\/confidenceingod.com\/wp-content\/uploads\/2020\/04\/s41280cb122572_4.jpg 1920w\" sizes=\"auto, (max-width: 144px) 100vw, 144px\" \/><\/figure><\/div>\n\n\n\n<p>En el a\u00f1o  2019 me alej\u00e9 de mi larga carrera como abogada para poder dedicar mi vida al ministerio. Por muchos a\u00f1os trabaj\u00e9 a tiempo completo desarrollando diferentes papeles en la industria de los seguros, ejecut\u00e9 todo como abogada y oficial de privacidad para una compa\u00f1\u00eda de propiedad global y de seguros de accidentes. A lo largo de mi carrera tuve que balancear el trabajo, criar tres hijos, y ministrar a trav\u00e9s de la ense\u00f1anza y algunas predicaciones que sol\u00eda impartir en mi iglesia local. Despu\u00e9s de que mis hijos crecieron, se educaron, y se casaron, Dios me proporcion\u00f3 esta oportunidad para servir en Costa Rica. Y estoy convencida de Su fidelidad, Su gu\u00eda, Su amor y Sus promesas.<\/p>\n\n\n\n<p>No se trata solo de trabajar y nada de diversi\u00f3n. A Mike y a m\u00ed nos encanta estar al aire libre escalando, andando en bicicletas y motocicletas, y viajando. Cuando es posible, hacemos todas estas cosas con nuestra familia.<\/p>\n\n\n\n<figure class=\"wp-block-gallery aligncenter columns-3 is-cropped wp-block-gallery-1 is-layout-flex wp-block-gallery-is-layout-flex\"><ul class=\"blocks-gallery-grid\"><li class=\"blocks-gallery-item\"><figure><img decoding=\"async\" width=\"1024\" height=\"768\" loading=\"lazy\" src=\"https:\/\/confidenceingod.com\/wp-content\/uploads\/2020\/04\/Picture-Aust2-598-1024x768.jpg\" alt=\"\" data-id=\"173\" data-full-url=\"https:\/\/confidenceingod.com\/wp-content\/uploads\/2020\/04\/Picture-Aust2-598.jpg\" data-link=\"https:\/\/confidenceingod.com\/konica-minolta-digital-camera-5\/\" class=\"wp-image-173\" srcset=\"https:\/\/confidenceingod.com\/wp-content\/uploads\/2020\/04\/Picture-Aust2-598-1024x768.jpg 1024w, https:\/\/confidenceingod.com\/wp-content\/uploads\/2020\/04\/Picture-Aust2-598-300x225.jpg 300w, https:\/\/confidenceingod.com\/wp-content\/uploads\/2020\/04\/Picture-Aust2-598-768x576.jpg 768w, https:\/\/confidenceingod.com\/wp-content\/uploads\/2020\/04\/Picture-Aust2-598-1536x1152.jpg 1536w, https:\/\/confidenceingod.com\/wp-content\/uploads\/2020\/04\/Picture-Aust2-598-2048x1536.jpg 2048w, https:\/\/confidenceingod.com\/wp-content\/uploads\/2020\/04\/Picture-Aust2-598-600x450.jpg 600w\" sizes=\"auto, (max-width: 1024px) 100vw, 1024px\" \/><\/figure><\/li><li class=\"blocks-gallery-item\"><figure><img decoding=\"async\" width=\"557\" height=\"417\" loading=\"lazy\" src=\"https:\/\/confidenceingod.com\/wp-content\/uploads\/2020\/04\/Mike-and-Julie-2.jpg\" alt=\"\" data-id=\"172\" data-full-url=\"https:\/\/confidenceingod.com\/wp-content\/uploads\/2020\/04\/Mike-and-Julie-2.jpg\" data-link=\"https:\/\/confidenceingod.com\/mike-and-julie-2\/\" class=\"wp-image-172\" srcset=\"https:\/\/confidenceingod.com\/wp-content\/uploads\/2020\/04\/Mike-and-Julie-2.jpg 557w, https:\/\/confidenceingod.com\/wp-content\/uploads\/2020\/04\/Mike-and-Julie-2-300x225.jpg 300w\" sizes=\"auto, (max-width: 557px) 100vw, 557px\" \/><\/figure><\/li><li class=\"blocks-gallery-item\"><figure><img decoding=\"async\" width=\"1024\" height=\"768\" loading=\"lazy\" src=\"https:\/\/confidenceingod.com\/wp-content\/uploads\/2020\/04\/Picture-Aust-436-1024x768.jpg\" alt=\"\" data-id=\"174\" data-full-url=\"https:\/\/confidenceingod.com\/wp-content\/uploads\/2020\/04\/Picture-Aust-436.jpg\" data-link=\"https:\/\/confidenceingod.com\/konica-minolta-digital-camera-6\/\" class=\"wp-image-174\" srcset=\"https:\/\/confidenceingod.com\/wp-content\/uploads\/2020\/04\/Picture-Aust-436-1024x768.jpg 1024w, https:\/\/confidenceingod.com\/wp-content\/uploads\/2020\/04\/Picture-Aust-436-300x225.jpg 300w, https:\/\/confidenceingod.com\/wp-content\/uploads\/2020\/04\/Picture-Aust-436-768x576.jpg 768w, https:\/\/confidenceingod.com\/wp-content\/uploads\/2020\/04\/Picture-Aust-436-1536x1152.jpg 1536w, https:\/\/confidenceingod.com\/wp-content\/uploads\/2020\/04\/Picture-Aust-436-2048x1536.jpg 2048w, https:\/\/confidenceingod.com\/wp-content\/uploads\/2020\/04\/Picture-Aust-436-600x450.jpg 600w\" sizes=\"auto, (max-width: 1024px) 100vw, 1024px\" \/><\/figure><\/li><\/ul><\/figure>\n\n\n\n<p><strong>El Camino y la Transformaci\u00f3n<\/strong><\/p>\n\n\n\n<p>He caminado con el Se\u00f1or desde que era una ni\u00f1a, pero no necesariamente de manera consistente o por haber sido criada en la iglesia. Yo ten\u00eda una abuela que amaba al Se\u00f1or y me llevaba a la iglesia cada vez que era posible. Durante los a\u00f1os de mi adolescencia mi familia se mud\u00f3 a unas 30 millas de la casa de mi abuela e iglesia. Ella estaba tan comprometida de asegurarse que yo pudiera estar en la iglesia cuando yo lo quisiera, que manejaba las 30 millas ida y vuelta todos los s\u00e1bados para irme a recoger y lo hac\u00eda de nuevo el domingo para regresarme a casa.<\/p>\n\n\n\n<p>Despu\u00e9s de graduarme de la secundaria, me desvi\u00e9 un poco del camino. Pero estoy muy agradecida porque Dios nunca me dej\u00f3. A pesar de que tom\u00e9 algunas malas decisiones a lo largo del camino, cuando estuve lista para regresar a \u00c9l, Dios estaba ah\u00ed para darme nuevamente la bienvenida.<\/p>\n\n\n\n<p>He estado ense\u00f1ando y ejerciendo el ministerio en distintos roles por m\u00e1s de 30 a\u00f1os. Durante muchos de esos a\u00f1os luch\u00e9 con el S\u00edndrome del Impostor, la idea que solamente se tiene \u00e9xito por suerte, y no por sus talentos y cualidades (<a href=\"https:\/\/time.com\/5312483\/how-to-deal-with-impostor-syndrome\/\">https:\/\/time.com\/5312483\/how-to-deal-with-impostor-syndrome\/<\/a>, recuperado el 10 de abril de 2020), haci\u00e9ndome perder la confianza en las promesas de Dios. Oh, s\u00ed, sab\u00eda que Sus promesas eran verdad. Y ten\u00eda fe de que Dios era todo lo que dijo que era y har\u00eda todo lo que dijo que har\u00eda. Pero yo no ten\u00eda la confianza de que \u00c9l har\u00eda estas cosas a trav\u00e9s de m\u00ed. Sin embargo, entre m\u00e1s he caminado con \u00c9l, m\u00e1s he aprendido sobre Su fidelidad, Su deseo para que cada uno de nosotros complete el caminar con \u00c9l hasta el d\u00eda de Su venida, y que puedo descansar en \u00c9l porque \u00c9l me sostendr\u00e1. Ahora la pasi\u00f3n de mi coraz\u00f3n es compartir con los dem\u00e1s lo que he aprendido para poder caminar confiadamente en Dios.<\/p>\n\n\n\n<p><strong>Mis Deseos para Ti<\/strong><\/p>\n\n\n\n<p>Inici\u00e9 este sitio web porque tengo una pasi\u00f3n principal en mi vida, y es la de amar al Se\u00f1or con todo mi coraz\u00f3n, con toda mi alma, y con toda mi mente, y amar a mi pr\u00f3jimo como a m\u00ed misma. Hago ambas cosas al compartir Su amor y Su Palabra con los dem\u00e1s. Mientras escribo el blog, recurrir\u00e9 a mis propias experiencias, observaciones, y estudio, manteni\u00e9ndome real y aut\u00e9ntica.<\/p>\n\n\n\n<p>Cuando lea las publicaciones de mi blog u otro contenido, espero que reflexione sobre el tema tratado y ore para saber si alguna parte de eso se aplica a su vida. Si lo hace, espero que procure poner en pr\u00e1ctica las acciones sugeridas. Adem\u00e1s, le animo a que sea como los de Berea, a quienes el Ap\u00f3stol Pablo elogi\u00f3 en Hechos 17:11. Ellos \u201crecibieron la palabra con toda solicitud, escudri\u00f1ando cada d\u00eda las Escrituras para ver si estas cosas eran as\u00ed.\u201d<\/p>\n\n\n\n<p>Por favor, no dude en contactarme por cualquier  pregunta que tenga sobre mi contenido o trabajo. De hecho, amo estudiar la Palabra, por lo que usted es bienvenido a compartir conmigo cualquier tema b\u00edblico del cual le gustar\u00eda recibir informaci\u00f3n.  Aunque no soy una erudita de la Biblia, si es un tema que impacta c\u00f3mo nos relacionamos con Dios, disfrutar\u00eda investigar al respecto y compartir con usted lo que descubr\u00ed.<\/p>\n\n\n\n<p>Sobre todo, espero que conf\u00ede en el Se\u00f1or con todo su coraz\u00f3n y lo reconozca en todos sus caminos para que \u00c9l pueda dirigir su andar. \u00a1As\u00ed podr\u00e1 estar confiado de que el que comenz\u00f3 en vosotros la buena obra, la perfeccionar\u00e1 hasta el d\u00eda de Jesucristo (Filipenses 1:6)!<\/p>","protected":false},"excerpt":{"rendered":"<p>Welcome to the Confidence in God website. I am so glad you are visiting and are interested in learning more about it. My name is Julie McGhghy and I have walked a long and sinuous path to get to this time and place where I can invite you into my world and comfortably sit down and share life and faith with you! Here and Now I currently work alongside my husband Mike assisting missionaries for our church organization in Costa Rica. I love it here. The country and its people are beautiful. I have been blessed with many new friends and opportunities to share God\u2019s word and His love. I have waited a lot of years to be able to devote myself to fulltime ministry and am very thankful for this opportunity. I teach, preach, write, cook, clean, babysit, whatever is needed by the missionaries, pastors, churches, and people in Costa Rica. And I love it! Backstory In 2019 I walked away from my lengthy career as an attorney in order to devote my life to ministry. For many years I worked full time in various roles in the insurance industry, capping it all off as an attorney and privacy officer for a global property and casualty insurance company. Throughout my career I balanced work, raising three children, and ministering through teaching and some preaching in my local church. After my children were all grown, educated, and married, God provided this opportunity to serve in Costa Rica. And I am confident in His faithfulness, His guidance, His love, and His promises. It\u2019s not all work and no play. Mike and I love being outdoors hiking, riding bicycles and motorcycles, and traveling. And whenever possible, we do these things with our family. The Path and Transformation I have been walking with the Lord since I was a child, but not necessarily consistently and not because I was raised in church. I had a grandmother who loved the Lord and would take me to church whenever possible. During my teenage years my family had moved some 30 miles away from Grandma\u2019s home and church. She was so committed to making sure I could be at church whenever I wanted to be, she drove the 30 miles each way on Saturday to pick me up and again on Sunday to take me back home. After I graduated from high school, I lost my way a bit. But I am so thankful that God never let go of me. Even though I made some bad decisions along the way, when I was ready to return to Him, He was there to welcome me back. I have now been teaching and ministering in different capacities for over 30 years. Through many of these years I struggled with Impostor Syndrome\u2014the idea that you\u2019ve only succeeded due to luck, and not because of your talent or qualifications (https:\/\/time.com\/5312483\/how-to-deal-with-impostor-syndrome\/, last accessed April 10, 2020)\u2014causing me to lack confidence in the promises of God. Oh, yes, I knew His promises to be true. And I had faith that God was all He said He was and would do all He said He would do. But I wasn\u2019t confident He would do these things through me. Yet the longer I walked with Him, the more I have learned about His faithfulness, about His desire for each of us to complete our walk with Him until the day of His return, and that I can relax in Him because He will keep me with Him. Now my heart\u2019s passion is to share with others what I have learned in order to walk with confidence in God. My Hopes for You I started this website because I have one primary passion in life, and that is to love the Lord with all my heart, soul, and mind, and to love my neighbor as myself. I do both by sharing His love and His word with others. As I blog, I will draw on my own experiences, observations, and study, all the while being real and authentic. When you read my blog posts and other content, I hope you will reflect on it and pray about whether any part of it applies to your life. If it does, I hope you will strive to put the suggested actions into practice. Also, I encourage you to be like the Bereans that the Apostle Paul commended in Acts 17:11. They \u201creceived the word with all readiness of mind, and searched the scriptures daily, whether those things were so.\u201d Please feel free to contact me with any questions you may have about my content or work. In fact, I love to study the Word, so I welcome you to share with me any biblical topic you would like information about. Although I am not a Bible scholar, if it is a topic that impacts how we relate to God, I would enjoy doing the research and sharing with you what I find. Above all, I hope you will trust in the Lord with all your heart and acknowledge Him in all your ways so that He will direct your path. Then you will be able to be confident that He which has begun a good work in you will be faithful to complete it (Philippians 1:6)!<\/p>","protected":false},"author":2,"featured_media":0,"parent":0,"menu_order":0,"comment_status":"closed","ping_status":"closed","template":"","meta":{"nf_dc_page":"","footnotes":""},"class_list":["post-14","page","type-page","status-publish","hentry"],"acf":[],"_links":{"self":[{"href":"https:\/\/confidenceingod.com\/es\/wp-json\/wp\/v2\/pages\/14","targetHints":{"allow":["GET"]}}],"collection":[{"href":"https:\/\/confidenceingod.com\/es\/wp-json\/wp\/v2\/pages"}],"about":[{"href":"https:\/\/confidenceingod.com\/es\/wp-json\/wp\/v2\/types\/page"}],"author":[{"embeddable":true,"href":"https:\/\/confidenceingod.com\/es\/wp-json\/wp\/v2\/users\/2"}],"replies":[{"embeddable":true,"href":"https:\/\/confidenceingod.com\/es\/wp-json\/wp\/v2\/comments?post=14"}],"version-history":[{"count":5,"href":"https:\/\/confidenceingod.com\/es\/wp-json\/wp\/v2\/pages\/14\/revisions"}],"predecessor-version":[{"id":344,"href":"https:\/\/confidenceingod.com\/es\/wp-json\/wp\/v2\/pages\/14\/revisions\/344"}],"wp:attachment":[{"href":"https:\/\/confidenceingod.com\/es\/wp-json\/wp\/v2\/media?parent=14"}],"curies":[{"name":"wp","href":"https:\/\/api.w.org\/{rel}","templated":true}]}}